{"id":146,"date":"2023-09-25T17:40:29","date_gmt":"2023-09-25T14:40:29","guid":{"rendered":"https:\/\/www.agroone.net\/dist\/?page_id=146"},"modified":"2023-09-27T16:50:35","modified_gmt":"2023-09-27T13:50:35","slug":"unsere-mission","status":"publish","type":"page","link":"https:\/\/www.agroone.net\/dist\/de\/unsere-mission\/","title":{"rendered":"UNSERE MISSION"},"content":{"rendered":"<div class=\"wp-block-image\">\n<figure class=\"alignleft is-resized\"><img loading=\"lazy\" decoding=\"async\" src=\"https:\/\/www.agroone.net\/dist\/wp-content\/uploads\/2023\/09\/rose_ladyjpg-300x200.jpg\" alt=\"\" class=\"wp-image-47\" style=\"width:496px;height:330px\" width=\"496\" height=\"330\" srcset=\"https:\/\/www.agroone.net\/dist\/wp-content\/uploads\/2023\/09\/rose_ladyjpg-300x200.jpg 300w, https:\/\/www.agroone.net\/dist\/wp-content\/uploads\/2023\/09\/rose_ladyjpg-1024x683.jpg 1024w, https:\/\/www.agroone.net\/dist\/wp-content\/uploads\/2023\/09\/rose_ladyjpg-768x512.jpg 768w, https:\/\/www.agroone.net\/dist\/wp-content\/uploads\/2023\/09\/rose_ladyjpg-1536x1024.jpg 1536w, https:\/\/www.agroone.net\/dist\/wp-content\/uploads\/2023\/09\/rose_ladyjpg-2048x1365.jpg 2048w\" sizes=\"auto, (max-width: 496px) 100vw, 496px\" \/><\/figure>\n<\/div>\n\n\n<p>Unsere Bem\u00fchungen konzentrieren sich darauf, nur mit lokalen Ressourcen und<br>Produkten zu arbeiten, im Einklang mit der Natur und den Menschen vor Ort. In<br>sozialer Verantwortung stellen wir saubere und hochwertige Produkte her.<\/p>\n\n\n\n<p><\/p>\n\n\n\n<p>Die Produktion im geschlossenen Kreislauf auf der Grundlage der erneuerbaren Energien (Photovoltaik- und Biogasanlage) gibt uns Unabh\u00e4ngigkeit. Unsere Zusammenarbeit mit lokalen Landwirten gibt uns die M\u00f6glichkeit zu experimentieren und die Qualit\u00e4t unserer Pflanzen und \u00d6le zu verbessern.<\/p>\n","protected":false},"excerpt":{"rendered":"<p>Unsere Bem\u00fchungen konzentrieren sich darauf, nur mit lokalen Ressourcen undProdukten zu arbeiten, im Einklang mit der Natur und den Menschen vor Ort. Insozialer Verantwortung stellen [&hellip;]<\/p>\n","protected":false},"author":3,"featured_media":0,"parent":0,"menu_order":0,"comment_status":"closed","ping_status":"closed","template":"","meta":{"footnotes":""},"class_list":["post-146","page","type-page","status-publish","hentry"],"_links":{"self":[{"href":"https:\/\/www.agroone.net\/dist\/wp-json\/wp\/v2\/pages\/146","targetHints":{"allow":["GET"]}}],"collection":[{"href":"https:\/\/www.agroone.net\/dist\/wp-json\/wp\/v2\/pages"}],"about":[{"href":"https:\/\/www.agroone.net\/dist\/wp-json\/wp\/v2\/types\/page"}],"author":[{"embeddable":true,"href":"https:\/\/www.agroone.net\/dist\/wp-json\/wp\/v2\/users\/3"}],"replies":[{"embeddable":true,"href":"https:\/\/www.agroone.net\/dist\/wp-json\/wp\/v2\/comments?post=146"}],"version-history":[{"count":3,"href":"https:\/\/www.agroone.net\/dist\/wp-json\/wp\/v2\/pages\/146\/revisions"}],"predecessor-version":[{"id":172,"href":"https:\/\/www.agroone.net\/dist\/wp-json\/wp\/v2\/pages\/146\/revisions\/172"}],"wp:attachment":[{"href":"https:\/\/www.agroone.net\/dist\/wp-json\/wp\/v2\/media?parent=146"}],"curies":[{"name":"wp","href":"https:\/\/api.w.org\/{rel}","templated":true}]}}